{"id":1615,"date":"2020-11-06T12:14:41","date_gmt":"2020-11-06T11:14:41","guid":{"rendered":"http:\/\/xopybfs.cluster030.hosting.ovh.net\/?page_id=1615"},"modified":"2025-02-04T00:13:17","modified_gmt":"2025-02-03T23:13:17","slug":"mariage","status":"publish","type":"page","link":"https:\/\/www.jeromevericel.fr\/index.php\/mariage\/","title":{"rendered":"Mariage"},"content":{"rendered":"[vc_row][vc_column][vc_custom_heading text=\u00a0\u00bbLe Mariage\u00a0\u00bb font_container=\u00a0\u00bbtag:h2|text_align:center\u00a0\u00bb google_fonts=\u00a0\u00bbfont_family:Calligraffitti%3Aregular|font_style:400%20regular%3A400%3Anormal\u00a0\u00bb][vc_empty_space][vc_column_text]\r\n<p style=\"text-align: center;\"><strong>J<\/strong>ourn\u00e9e de mariage, journ\u00e9e f\u00e9\u00e9rique, l&rsquo;aboutissement d&rsquo;une rencontre, symbiose de deux personnes qui ont d\u00e9cid\u00e9 d&rsquo;unir leur vie !<\/p>\r\n<p style=\"text-align: center;\"><strong>U<\/strong>n honneur de vous accompagner tout au long de votre union.<\/p>\r\n<p style=\"text-align: center;\"><strong>N<\/strong>ous \u00e9tablirons ensemble vos souhaits et je me ferais le plus discret possible pour immortaliser tous les moments de votre journ\u00e9e !<\/p>\r\n\r\n<h5><\/h5>\r\n<h5><\/h5>\r\n[\/vc_column_text][vc_text_separator title=\u00a0\u00bb\u00a0\u00bb i_type=\u00a0\u00bblinecons\u00a0\u00bb i_icon_linecons=\u00a0\u00bbvc_li vc_li-camera\u00a0\u00bb i_color=\u00a0\u00bbjuicy_pink\u00a0\u00bb add_icon=\u00a0\u00bbtrue\u00a0\u00bb][\/vc_column][\/vc_row][vc_row][vc_column][vc_gallery type=\u00a0\u00bbimage_grid\u00a0\u00bb images=\u00a0\u00bb4300,3914,4299,4298,4288,3908,3910,3909,4344,3915,4346,3854,4345,3918,4295,4297,4296,3917,4349,4319,4294,4341,3913,4342,4343,4348,4350,4347&Prime; img_size=\u00a0\u00bb\u00a0\u00bb css_animation=\u00a0\u00bbflipInY\u00a0\u00bb title=\u00a0\u00bbC\u00e9line &amp; Christophe\u00a0\u00bb][vc_separator][\/vc_column][\/vc_row][vc_row][vc_column][vc_gallery type=\u00a0\u00bbimage_grid\u00a0\u00bb images=\u00a0\u00bb3924,3923,4485,3925,4289,4291,3928,3927,3929,3930,4490,4287,3931,3921,4334,4335,4336,4337,4290,3932,4292,4293,4285,4351,4338,4339,4491,4340&Prime; img_size=\u00a0\u00bb\u00a0\u00bb css_animation=\u00a0\u00bbfadeIn\u00a0\u00bb title=\u00a0\u00bbElise et Xavier\u00a0\u00bb][vc_separator][\/vc_column][\/vc_row][vc_row][vc_column][vc_gallery type=\u00a0\u00bbimage_grid\u00a0\u00bb images=\u00a0\u00bb4996,4997,5007,5008,4998,4999,5000,5005,5001,5004,5002,5003,5006,5011,5009,5010,5012,5013,5018,5014,5015,5016,5017,5019,5020,5021,5022,5023&Prime; img_size=\u00a0\u00bb\u00a0\u00bb css_animation=\u00a0\u00bbfadeIn\u00a0\u00bb title=\u00a0\u00bbJulie et C\u00e9dric\u00a0\u00bb][\/vc_column][\/vc_row][vc_row][vc_column][vc_gallery type=\u00a0\u00bbimage_grid\u00a0\u00bb images=\u00a0\u00bb4888,4889,4892,4894,4893,4891,4917,4895,4898,4897,4919,4908,4910,4901,4900,4909,4907,4903,4902,4899,4904,4905,4906,4914,4913,4911,4915,4916&Prime; title=\u00a0\u00bbElodie et Mathieu\u00a0\u00bb][\/vc_column][\/vc_row][vc_row][vc_column][vc_gallery type=\u00a0\u00bbimage_grid\u00a0\u00bb images=\u00a0\u00bb5188,5190,5191,5189,5192,5193,5194,5187,5195,5196,5197,5198,5199,5200,5201,5202,5203,5204,5205,5206,5207,5208,5209,5186,5210,5211,5213,5398&Prime; title=\u00a0\u00bbSt\u00e9phanie et Florent\u00a0\u00bb][\/vc_column][\/vc_row]<!-- \/wp:post-content -->","protected":false},"excerpt":{"rendered":"<p>[vc_row][vc_column][vc_custom_heading text=\u00a0\u00bbLe Mariage\u00a0\u00bb font_container=\u00a0\u00bbtag:h2|text_align:center\u00a0\u00bb google_fonts=\u00a0\u00bbfont_family:Calligraffitti%3Aregular|font_style:400%20regular%3A400%3Anormal\u00a0\u00bb][vc_empty_space][vc_column_text] Journ\u00e9e de mariage, journ\u00e9e f\u00e9\u00e9rique, l&rsquo;aboutissement d&rsquo;une rencontre, symbiose de deux personnes qui ont d\u00e9cid\u00e9 d&rsquo;unir leur vie ! Un honneur de vous accompagner tout au long de votre union. Nous \u00e9tablirons ensemble vos souhaits et je me ferais le plus discret possible pour immortaliser tous les moments de votre [&hellip;]<\/p>\n","protected":false},"author":1,"featured_media":0,"parent":0,"menu_order":0,"comment_status":"closed","ping_status":"closed","template":"","meta":{"footnotes":""},"class_list":["post-1615","page","type-page","status-publish","hentry"],"_links":{"self":[{"href":"https:\/\/www.jeromevericel.fr\/index.php\/wp-json\/wp\/v2\/pages\/1615","targetHints":{"allow":["GET"]}}],"collection":[{"href":"https:\/\/www.jeromevericel.fr\/index.php\/wp-json\/wp\/v2\/pages"}],"about":[{"href":"https:\/\/www.jeromevericel.fr\/index.php\/wp-json\/wp\/v2\/types\/page"}],"author":[{"embeddable":true,"href":"https:\/\/www.jeromevericel.fr\/index.php\/wp-json\/wp\/v2\/users\/1"}],"replies":[{"embeddable":true,"href":"https:\/\/www.jeromevericel.fr\/index.php\/wp-json\/wp\/v2\/comments?post=1615"}],"version-history":[{"count":23,"href":"https:\/\/www.jeromevericel.fr\/index.php\/wp-json\/wp\/v2\/pages\/1615\/revisions"}],"predecessor-version":[{"id":5399,"href":"https:\/\/www.jeromevericel.fr\/index.php\/wp-json\/wp\/v2\/pages\/1615\/revisions\/5399"}],"wp:attachment":[{"href":"https:\/\/www.jeromevericel.fr\/index.php\/wp-json\/wp\/v2\/media?parent=1615"}],"curies":[{"name":"wp","href":"https:\/\/api.w.org\/{rel}","templated":true}]}}