{"id":1851,"date":"2016-12-15T09:49:44","date_gmt":"2016-12-15T09:49:44","guid":{"rendered":"https:\/\/w7.foxdsgn.com\/napoli.1.6.0\/?page_id=1851"},"modified":"2025-02-03T14:37:25","modified_gmt":"2025-02-03T13:37:25","slug":"tarifs","status":"publish","type":"page","link":"https:\/\/www.jeromevericel.fr\/index.php\/tarifs\/","title":{"rendered":"TARIFS"},"content":{"rendered":"<p>[vc_row full_width=\u00a0\u00bbstretch_row_content\u00a0\u00bb full_height=\u00a0\u00bbyes\u00a0\u00bb columns_placement=\u00a0\u00bbbottom\u00a0\u00bb equal_height=\u00a0\u00bbyes\u00a0\u00bb content_placement=\u00a0\u00bbmiddle\u00a0\u00bb enable_ovarlay=\u00a0\u00bbtrue\u00a0\u00bb mobile_pb=\u00a0\u00bbpadding-xs-50b\u00a0\u00bb css=\u00a0\u00bb.vc_custom_1732436359514{padding-top: 85px !important;padding-bottom: 85px !important;background-image: url(https:\/\/www.jeromevericel.fr\/wp-content\/uploads\/2020\/11\/COQUE.jpg?id=1601) !important;background-position: center !important;background-repeat: no-repeat !important;background-size: cover !important;}\u00a0\u00bb][vc_column width=\u00a0\u00bb1\/4&Prime; desctop_mb=\u00a0\u00bbmargin-lg-30b\u00a0\u00bb offset=\u00a0\u00bbvc_col-lg-4 vc_col-md-4 vc_col-sm-offset-0 vc_col-xs-12&Prime;][vc_empty_space][vc_empty_space][vc_empty_space][vc_pricing image=\u00a0\u00bb4905&Prime; color_mask=\u00a0\u00bb#ffffff\u00a0\u00bb title=\u00a0\u00bbMARIAGE\u00a0\u00bb subtitle=\u00a0\u00bbA PARTIR DE 990\u20ac\u00a0\u00bb button_link=\u00a0\u00bbhttps:\/\/www.jeromevericel.fr\/index.php\/mariage_details\/\u00a0\u00bb button_text=\u00a0\u00bbd\u00e9tails\u00a0\u00bb css=\u00a0\u00bb.vc_custom_1701117504181{border-left-width: 20px !important;padding-top: 10px !important;padding-right: 10px !important;padding-bottom: 10px !important;padding-left: 10px !important;border-radius: 35px !important;}\u00a0\u00bb]Pour que cette journ\u00e9e reste inoubliable ![\/vc_pricing][\/vc_column][vc_column width=\u00a0\u00bb1\/4&Prime; desctop_mb=\u00a0\u00bbmargin-lg-30b\u00a0\u00bb offset=\u00a0\u00bbvc_col-lg-4 vc_col-md-4 vc_col-sm-offset-0 vc_col-xs-12&Prime;][vc_empty_space][vc_empty_space][vc_empty_space][vc_pricing image=\u00a0\u00bb5039&Prime; title=\u00a0\u00bbFAMILLE\u00a0\u00bb subtitle=\u00a0\u00bbA PARTIR DE 150\u20ac\u00a0\u00bb button_link=\u00a0\u00bbhttps:\/\/www.jeromevericel.fr\/index.php\/details_famille\/\u00a0\u00bb button_text=\u00a0\u00bbd\u00e9tails\u00a0\u00bb css=\u00a0\u00bb.vc_custom_1678606107439{border-left-width: 20px !important;padding-top: 10px !important;padding-right: 10px !important;padding-bottom: 10px !important;padding-left: 10px !important;border-radius: 35px !important;}\u00a0\u00bb]Ensemble pour toujours ![\/vc_pricing][\/vc_column][vc_column width=\u00a0\u00bb1\/4&Prime; desctop_mb=\u00a0\u00bbmargin-lg-30b\u00a0\u00bb offset=\u00a0\u00bbvc_col-lg-4 vc_col-md-4 vc_col-sm-offset-0 vc_col-xs-12&Prime;][vc_empty_space][vc_empty_space][vc_empty_space][vc_pricing image=\u00a0\u00bb5056&Prime; title=\u00a0\u00bbPORTRAIT\u00a0\u00bb subtitle=\u00a0\u00bbA PARTIR DE 110\u20ac\u00a0\u00bb button_link=\u00a0\u00bbhttps:\/\/www.jeromevericel.fr\/index.php\/details_portrait\/\u00a0\u00bb button_text=\u00a0\u00bbd\u00e9tails\u00a0\u00bb css=\u00a0\u00bb.vc_custom_1678574826999{border-left-width: 20px !important;padding-top: 10px !important;padding-right: 10px !important;padding-bottom: 10px !important;padding-left: 10px !important;border-radius: 35px !important;}\u00a0\u00bb]L&rsquo;instant pr\u00e9sent ![\/vc_pricing][\/vc_column][\/vc_row][vc_row full_width=\u00a0\u00bbstretch_row_content\u00a0\u00bb full_height=\u00a0\u00bbyes\u00a0\u00bb columns_placement=\u00a0\u00bbtop\u00a0\u00bb equal_height=\u00a0\u00bbyes\u00a0\u00bb content_placement=\u00a0\u00bbmiddle\u00a0\u00bb enable_ovarlay=\u00a0\u00bbtrue\u00a0\u00bb mobile_pb=\u00a0\u00bbpadding-xs-50b\u00a0\u00bb css=\u00a0\u00bb.vc_custom_1738588595329{padding-top: 85px !important;padding-bottom: 85px !important;background-image: url(https:\/\/www.jeromevericel.fr\/wp-content\/uploads\/2020\/12\/coquelicots_001.jpg?id=4162) !important;background-position: center !important;background-repeat: no-repeat !important;background-size: cover !important;}\u00a0\u00bb][vc_column width=\u00a0\u00bb1\/4&Prime; desctop_mb=\u00a0\u00bbmargin-lg-30b\u00a0\u00bb offset=\u00a0\u00bbvc_col-lg-4 vc_col-md-4 vc_col-sm-offset-0 vc_col-xs-12&Prime;][vc_empty_space][vc_empty_space][vc_empty_space][vc_pricing image=\u00a0\u00bb5246&Prime; color_mask=\u00a0\u00bb#ffffff\u00a0\u00bb title=\u00a0\u00bbREPORTAGE PHOTO &#8211; VIDEO\u00a0\u00bb subtitle=\u00a0\u00bbA PARTIR DE 690\u20ac\u00a0\u00bb button_link=\u00a0\u00bbhttps:\/\/www.jeromevericel.fr\/index.php\/reportage_details\/\u00a0\u00bb button_text=\u00a0\u00bbd\u00e9tails\u00a0\u00bb css=\u00a0\u00bb.vc_custom_1732353821776{border-left-width: 20px !important;padding-top: 10px !important;padding-right: 10px !important;padding-bottom: 10px !important;padding-left: 10px !important;border-radius: 35px !important;}\u00a0\u00bb]Reportage \u00e0 la demi journ\u00e9e ou \u00e0 la journ\u00e9e compl\u00e8te.<\/p>\n<p>Avec la r\u00e9alisation d&rsquo;un film promotionnel ET d&rsquo;un diaporama.[\/vc_pricing][\/vc_column][vc_column width=\u00a0\u00bb1\/4&Prime; desctop_mb=\u00a0\u00bbmargin-lg-30b\u00a0\u00bb offset=\u00a0\u00bbvc_col-lg-4 vc_col-md-4 vc_col-sm-offset-0 vc_col-xs-12&Prime;][vc_empty_space][vc_empty_space][vc_empty_space][vc_pricing image=\u00a0\u00bb5462&Prime; title=\u00a0\u00bbPHOTOS D&rsquo;IDENTITE\u00a0\u00bb subtitle=\u00a0\u00bbA PARTIR DE 10\u20ac\u00a0\u00bb button_link=\u00a0\u00bbhttps:\/\/www.jeromevericel.fr\/index.php\/id\/\u00a0\u00bb button_text=\u00a0\u00bbd\u00e9tails\u00a0\u00bb css=\u00a0\u00bb.vc_custom_1738589842392{border-left-width: 20px !important;padding-top: 10px !important;padding-right: 10px !important;padding-bottom: 10px !important;padding-left: 10px !important;border-radius: 35px !important;}\u00a0\u00bb]Pour tous vos documents officiels,\u00a0 carte d&rsquo;identit\u00e9, passeport et permis de conduire, je suis agr\u00e9e ANTS et je vous propose \u00e9galement des e-photos.[\/vc_pricing][\/vc_column][vc_column width=\u00a0\u00bb1\/4&Prime; desctop_mb=\u00a0\u00bbmargin-lg-30b\u00a0\u00bb offset=\u00a0\u00bbvc_col-lg-4 vc_col-md-4 vc_col-sm-offset-0 vc_col-xs-12&Prime;][vc_empty_space][vc_empty_space][vc_empty_space][vc_pricing image=\u00a0\u00bb5119&Prime; title=\u00a0\u00bbFORFAIT A L&rsquo;HEURE\u00a0\u00bb subtitle=\u00a0\u00bbcontactez moi !\u00a0\u00bb button_link=\u00a0\u00bbhttps:\/\/www.jeromevericel.fr\/index.php\/contact\/\u00a0\u00bb button_text=\u00a0\u00bbcontact\u00a0\u00bb css=\u00a0\u00bb.vc_custom_1738588942709{border-left-width: 20px !important;padding-top: 10px !important;padding-right: 10px !important;padding-bottom: 10px !important;padding-left: 10px !important;border-radius: 35px !important;}\u00a0\u00bb]Que ce soit pour un bapt\u00eame ou un anniversaire,\u00a0 un EVJF ou tout autre \u00e9v\u00e8nement, contactez moi ![\/vc_pricing][\/vc_column][\/vc_row]<\/p>\n","protected":false},"excerpt":{"rendered":"<p>[vc_row full_width=\u00a0\u00bbstretch_row_content\u00a0\u00bb full_height=\u00a0\u00bbyes\u00a0\u00bb columns_placement=\u00a0\u00bbbottom\u00a0\u00bb equal_height=\u00a0\u00bbyes\u00a0\u00bb content_placement=\u00a0\u00bbmiddle\u00a0\u00bb enable_ovarlay=\u00a0\u00bbtrue\u00a0\u00bb mobile_pb=\u00a0\u00bbpadding-xs-50b\u00a0\u00bb css=\u00a0\u00bb.vc_custom_1732436359514{padding-top: 85px !important;padding-bottom: 85px !important;background-image: url(https:\/\/www.jeromevericel.fr\/wp-content\/uploads\/2020\/11\/COQUE.jpg?id=1601) !important;background-position: center !important;background-repeat: no-repeat !important;background-size: cover !important;}\u00a0\u00bb][vc_column width=\u00a0\u00bb1\/4&Prime; desctop_mb=\u00a0\u00bbmargin-lg-30b\u00a0\u00bb offset=\u00a0\u00bbvc_col-lg-4 vc_col-md-4 vc_col-sm-offset-0 vc_col-xs-12&Prime;][vc_empty_space][vc_empty_space][vc_empty_space][vc_pricing image=\u00a0\u00bb4905&Prime; color_mask=\u00a0\u00bb#ffffff\u00a0\u00bb title=\u00a0\u00bbMARIAGE\u00a0\u00bb subtitle=\u00a0\u00bbA PARTIR DE 990\u20ac\u00a0\u00bb button_link=\u00a0\u00bbhttps:\/\/www.jeromevericel.fr\/index.php\/mariage_details\/\u00a0\u00bb button_text=\u00a0\u00bbd\u00e9tails\u00a0\u00bb css=\u00a0\u00bb.vc_custom_1701117504181{border-left-width: 20px !important;padding-top: 10px !important;padding-right: 10px !important;padding-bottom: 10px !important;padding-left: 10px !important;border-radius: 35px !important;}\u00a0\u00bb]Pour que cette journ\u00e9e reste inoubliable ![\/vc_pricing][\/vc_column][vc_column [&hellip;]<\/p>\n","protected":false},"author":1,"featured_media":1601,"parent":0,"menu_order":0,"comment_status":"closed","ping_status":"closed","template":"","meta":{"footnotes":""},"class_list":["post-1851","page","type-page","status-publish","has-post-thumbnail","hentry"],"_links":{"self":[{"href":"https:\/\/www.jeromevericel.fr\/index.php\/wp-json\/wp\/v2\/pages\/1851","targetHints":{"allow":["GET"]}}],"collection":[{"href":"https:\/\/www.jeromevericel.fr\/index.php\/wp-json\/wp\/v2\/pages"}],"about":[{"href":"https:\/\/www.jeromevericel.fr\/index.php\/wp-json\/wp\/v2\/types\/page"}],"author":[{"embeddable":true,"href":"https:\/\/www.jeromevericel.fr\/index.php\/wp-json\/wp\/v2\/users\/1"}],"replies":[{"embeddable":true,"href":"https:\/\/www.jeromevericel.fr\/index.php\/wp-json\/wp\/v2\/comments?post=1851"}],"version-history":[{"count":94,"href":"https:\/\/www.jeromevericel.fr\/index.php\/wp-json\/wp\/v2\/pages\/1851\/revisions"}],"predecessor-version":[{"id":5616,"href":"https:\/\/www.jeromevericel.fr\/index.php\/wp-json\/wp\/v2\/pages\/1851\/revisions\/5616"}],"wp:featuredmedia":[{"embeddable":true,"href":"https:\/\/www.jeromevericel.fr\/index.php\/wp-json\/wp\/v2\/media\/1601"}],"wp:attachment":[{"href":"https:\/\/www.jeromevericel.fr\/index.php\/wp-json\/wp\/v2\/media?parent=1851"}],"curies":[{"name":"wp","href":"https:\/\/api.w.org\/{rel}","templated":true}]}}