{"id":2180,"date":"2016-12-23T14:57:17","date_gmt":"2016-12-23T14:57:17","guid":{"rendered":"https:\/\/w7.foxdsgn.com\/napoli.1.6.0\/?page_id=2180"},"modified":"2025-09-15T17:10:15","modified_gmt":"2025-09-15T15:10:15","slug":"details_portrait","status":"publish","type":"page","link":"https:\/\/www.jeromevericel.fr\/index.php\/details_portrait\/","title":{"rendered":"Portrait d\u00e9tails"},"content":{"rendered":"<p>[vc_row][vc_column][vc_empty_space][vc_column_text]<em>Le forfait de <strong>110\u20ac<\/strong> comprend une s\u00e9ance photo d\u2019une heure &lt;<strong>pour une personne<\/strong>&gt; ( en studio ou en ext\u00e9rieur) et 10 photos au total et au choix ( parmi celle que je vous pr\u00e9senterai ) en format num\u00e9rique et imprim\u00e9es en format papier classique de qualit\u00e9 mate ou brillante de taille\u00a0 13cm\u00d719cm.<\/em><\/p>\n<h4><strong>OPTIONS:<\/strong><\/h4>\n<p><em>Forfait \u00e0\u00a0<strong>130\u20ac<\/strong>\u00a0comprenant 15 photos au lieu de 10.<\/em><\/p>\n<p><em>Forfait 5 impressions (parmi la s\u00e9lection\u00a0des 10 photos)\u00a0 Fine Art Haute Qualit\u00e9\u00a0 13cm x 19cm sur du papier Hahnem\u00fchle \u00e0 <strong><i>20\u20ac.<\/i><\/strong><\/em><\/p>\n<p><img fetchpriority=\"high\" decoding=\"async\" class=\"\" src=\"https:\/\/www.saal-digital.fr\/uploads\/pics\/fineart_certified_studio_grey_19.jpg\" alt=\"Certification qualit\u00e9 en production, longue dur\u00e9e d\u00b4archivage garantie et collaborateurs form\u00e9s\" width=\"462\" height=\"196\" \/><\/p>\n<p><em>Toute photo suppl\u00e9mentaire choisie est factur\u00e9 <strong>5\u20ac<\/strong>.<\/em>[\/vc_column_text][\/vc_column][\/vc_row]<\/p>\n","protected":false},"excerpt":{"rendered":"<p>[vc_row][vc_column][vc_empty_space][vc_column_text]Le forfait de 110\u20ac comprend une s\u00e9ance photo d\u2019une heure &lt;pour une personne&gt; ( en studio ou en ext\u00e9rieur) et 10 photos au total et au choix ( parmi celle que je vous pr\u00e9senterai ) en format num\u00e9rique et imprim\u00e9es en format papier classique de qualit\u00e9 mate ou brillante de taille\u00a0 13cm\u00d719cm. OPTIONS: Forfait \u00e0\u00a0130\u20ac\u00a0comprenant [&hellip;]<\/p>\n","protected":false},"author":1,"featured_media":0,"parent":0,"menu_order":0,"comment_status":"closed","ping_status":"closed","template":"","meta":{"footnotes":""},"class_list":["post-2180","page","type-page","status-publish","hentry"],"_links":{"self":[{"href":"https:\/\/www.jeromevericel.fr\/index.php\/wp-json\/wp\/v2\/pages\/2180","targetHints":{"allow":["GET"]}}],"collection":[{"href":"https:\/\/www.jeromevericel.fr\/index.php\/wp-json\/wp\/v2\/pages"}],"about":[{"href":"https:\/\/www.jeromevericel.fr\/index.php\/wp-json\/wp\/v2\/types\/page"}],"author":[{"embeddable":true,"href":"https:\/\/www.jeromevericel.fr\/index.php\/wp-json\/wp\/v2\/users\/1"}],"replies":[{"embeddable":true,"href":"https:\/\/www.jeromevericel.fr\/index.php\/wp-json\/wp\/v2\/comments?post=2180"}],"version-history":[{"count":12,"href":"https:\/\/www.jeromevericel.fr\/index.php\/wp-json\/wp\/v2\/pages\/2180\/revisions"}],"predecessor-version":[{"id":5070,"href":"https:\/\/www.jeromevericel.fr\/index.php\/wp-json\/wp\/v2\/pages\/2180\/revisions\/5070"}],"wp:attachment":[{"href":"https:\/\/www.jeromevericel.fr\/index.php\/wp-json\/wp\/v2\/media?parent=2180"}],"curies":[{"name":"wp","href":"https:\/\/api.w.org\/{rel}","templated":true}]}}