{"id":660,"date":"2016-09-01T16:08:44","date_gmt":"2016-09-01T13:08:44","guid":{"rendered":"https:\/\/w7.foxdsgn.com\/napoli\/?page_id=660"},"modified":"2025-12-28T10:27:25","modified_gmt":"2025-12-28T09:27:25","slug":"prestation","status":"publish","type":"page","link":"https:\/\/www.jeromevericel.fr\/index.php\/prestation\/","title":{"rendered":"PRESTATIONS"},"content":{"rendered":"<p>[vc_row full_width=\u00a0\u00bbstretch_row_content\u00a0\u00bb][vc_column][vc_separator][vc_custom_heading text=\u00a0\u00bbVoici l&rsquo;ensemble de mes prestations.\u00a0\u00bb google_fonts=\u00a0\u00bbfont_family:Calligraffitti%3Aregular|font_style:400%20regular%3A400%3Anormal\u00a0\u00bb][vc_empty_space][vc_column_text css=\u00a0\u00bb.vc_custom_1700512410034{background-color: #55799e !important;}\u00a0\u00bb]<\/p>\n<h2 style=\"text-align: center;\"><strong>PORTRAIT EN FAMILLE OU EN SOLO<\/strong><\/h2>\n<p>[\/vc_column_text][vc_column_text]<\/p>\n<p style=\"text-align: center;\">Vous\u00a0 souhaitez immortaliser votre famille avec les enfants qui grandissent trop vite ! Vous avez envie d&rsquo;avoir des belles photos de vous m\u00eames ou de votre couple ? Contactez moi pour une s\u00e9ance en studio ou en ext\u00e9rieur !<\/p>\n<p>[\/vc_column_text][vc_btn title=\u00a0\u00bbPORTRAIT\u00a0\u00bb style=\u00a0\u00bbflat\u00a0\u00bb color=\u00a0\u00bbpeacoc\u00a0\u00bb size=\u00a0\u00bbxs\u00a0\u00bb align=\u00a0\u00bbcenter\u00a0\u00bb i_type=\u00a0\u00bbopeniconic\u00a0\u00bb i_icon_openiconic=\u00a0\u00bbvc-oi vc-oi-camera\u00a0\u00bb css_animation=\u00a0\u00bbflipInX\u00a0\u00bb button_block=\u00a0\u00bbtrue\u00a0\u00bb add_icon=\u00a0\u00bbtrue\u00a0\u00bb link=\u00a0\u00bburl:https%3A%2F%2Fwww.jeromevericel.fr%2Findex.php%2Fportrait%2F\u00a0\u00bb][vc_empty_space][vc_column_text css=\u00a0\u00bb.vc_custom_1700513513362{background-color: #d877bd !important;}\u00a0\u00bb]<\/p>\n<h2 style=\"text-align: center;\"><strong>REPORTAGE DE MARIAGE<\/strong><\/h2>\n<p>[\/vc_column_text][vc_column_text]<\/p>\n<p style=\"text-align: center;\">C&rsquo;est le jour J, le plus beau jour de votre vie ou vous allez dire \u00ab\u00a0OUI\u00a0\u00bb ! Je serais l\u00e0 pour immortaliser votre Union dans la discr\u00e9tion et en apportant ma sensibilit\u00e9. Contactez moi pour en discutez ! A bient\u00f4t !<\/p>\n<p>[\/vc_column_text][vc_btn title=\u00a0\u00bbMARIAGE\u00a0\u00bb style=\u00a0\u00bbflat\u00a0\u00bb color=\u00a0\u00bbjuicy-pink\u00a0\u00bb size=\u00a0\u00bbxs\u00a0\u00bb align=\u00a0\u00bbcenter\u00a0\u00bb i_type=\u00a0\u00bblinecons\u00a0\u00bb css_animation=\u00a0\u00bbflipInX\u00a0\u00bb button_block=\u00a0\u00bbtrue\u00a0\u00bb add_icon=\u00a0\u00bbtrue\u00a0\u00bb link=\u00a0\u00bburl:https%3A%2F%2Fwww.jeromevericel.fr%2Findex.php%2Fmariage2%2F\u00a0\u00bb][vc_empty_space][vc_column_text css=\u00a0\u00bb.vc_custom_1700513290646{background-color: #0dc90a !important;}\u00a0\u00bb]<\/p>\n<h2 style=\"text-align: center;\"><strong>PHOTOS DE SPORT<\/strong><\/h2>\n<p>[\/vc_column_text][vc_column_text]<\/p>\n<p style=\"text-align: center;\">Vous avez un match de foot de basket ou tout autre \u00e9v\u00e8nement sportif ou autre, et vous souhaitez avoir de belles photos ? Contactez moi ! Je me d\u00e9place et je vous remettrai toutes les photos retouch\u00e9es prises lors de l&rsquo;\u00e9v\u00e8nement.<\/p>\n<p>[\/vc_column_text][vc_empty_space][vc_column_text css=\u00a0\u00bb.vc_custom_1699996052134{background-color: #ddb06c !important;}\u00a0\u00bb]<\/p>\n<h2 style=\"text-align: center;\"><strong>PHOTOS EVENEMENT<\/strong><\/h2>\n<p>[\/vc_column_text][vc_column_text]<\/p>\n<p style=\"text-align: center;\">Une soir\u00e9e de fin d&rsquo;ann\u00e9e au coll\u00e8ge, les classes de votre village ou n&rsquo;importe quel \u00e9v\u00e9nement ou vous voulez que je prenne des photos ! Contactez moi !<\/p>\n<p>[\/vc_column_text][vc_empty_space][vc_column_text css=\u00a0\u00bb.vc_custom_1701180021144{background-color: #a15fe2 !important;}\u00a0\u00bb]<\/p>\n<h2 style=\"text-align: center;\"><strong>PHOTOS CORPORATE &#8211; reportage photo &#8211; vid\u00e9o<\/strong><\/h2>\n<p>[\/vc_column_text][vc_column_text]<\/p>\n<p style=\"text-align: center;\">Vous souhaitez mettre en valeur votre soci\u00e9t\u00e9 sur les r\u00e9seaux sociaux ou vous voulez mettre \u00e0 jour votre site Internet ? Contactez moi !<\/p>\n<p>[\/vc_column_text][vc_btn title=\u00a0\u00bbREPORTAGE PRO (PHOTO &#8211; VIDEO)\u00a0\u00bb style=\u00a0\u00bbflat\u00a0\u00bb color=\u00a0\u00bbpurple\u00a0\u00bb size=\u00a0\u00bbxs\u00a0\u00bb align=\u00a0\u00bbcenter\u00a0\u00bb i_type=\u00a0\u00bbpixelicons\u00a0\u00bb i_icon_pixelicons=\u00a0\u00bbvc_pixel_icon vc_pixel_icon-chart\u00a0\u00bb css_animation=\u00a0\u00bbflipInX\u00a0\u00bb button_block=\u00a0\u00bbtrue\u00a0\u00bb add_icon=\u00a0\u00bbtrue\u00a0\u00bb link=\u00a0\u00bburl:https%3A%2F%2Fwww.jeromevericel.fr%2Findex.php%2Fpackphotoproduit%2F\u00a0\u00bb][vc_empty_space][vc_column_text css=\u00a0\u00bb.vc_custom_1699996076060{background-color: #dd1616 !important;}\u00a0\u00bb]<\/p>\n<h2 style=\"text-align: center;\"><strong>PHOTOS A VENDRE<\/strong><\/h2>\n<p>[\/vc_column_text][vc_column_text]<\/p>\n<p style=\"text-align: center;\">Vous voulez changer la d\u00e9co de votre int\u00e9rieur ? Vous avez envie d&rsquo;un nouveau tableau photo sur aluminium ? Je peux vous imprimer n&rsquo;importe quelle photo sur n&rsquo;importe quel support. Contactez moi !<\/p>\n<p>[\/vc_column_text][vc_empty_space][vc_column_text css=\u00a0\u00bb.vc_custom_1701160521788{background-color: #1616e2 !important;}\u00a0\u00bb]<\/p>\n<h2 style=\"text-align: center;\"><span style=\"color: #ffffff;\" data-darkreader-inline-color=\"\"><strong>PHOTOS D&rsquo;IDENTITE<\/strong><\/span><\/h2>\n<p>[\/vc_column_text][vc_column_text]<\/p>\n<p style=\"text-align: center;\">Une carte d&rsquo;identit\u00e9 \u00e0 renouveler, une demande de permis de conduire, je suis agr\u00e9e ANTS services en ligne pour vos d\u00e9marches administratives et je vous propose des photos d&rsquo;identit\u00e9 conformes pour tous vos documents officiels.<\/p>\n<p>[\/vc_column_text][vc_btn title=\u00a0\u00bbPHOTOS D&rsquo;IDENTITE\u00a0\u00bb style=\u00a0\u00bbflat\u00a0\u00bb color=\u00a0\u00bbsky\u00a0\u00bb size=\u00a0\u00bbxs\u00a0\u00bb align=\u00a0\u00bbcenter\u00a0\u00bb i_type=\u00a0\u00bbpixelicons\u00a0\u00bb i_icon_pixelicons=\u00a0\u00bbvc_pixel_icon vc_pixel_icon-chart\u00a0\u00bb css_animation=\u00a0\u00bbflipInX\u00a0\u00bb button_block=\u00a0\u00bbtrue\u00a0\u00bb add_icon=\u00a0\u00bbtrue\u00a0\u00bb link=\u00a0\u00bburl:https%3A%2F%2Fwww.jeromevericel.fr%2Findex.php%2Fid%2F\u00a0\u00bb][vc_single_image image=\u00a0\u00bb5360&Prime; img_size=\u00a0\u00bblarge\u00a0\u00bb alignment=\u00a0\u00bbcenter\u00a0\u00bb][\/vc_column][\/vc_row][vc_row][vc_column][\/vc_column][\/vc_row][vc_row][vc_column][vc_separator][\/vc_column][\/vc_row]<\/p>\n","protected":false},"excerpt":{"rendered":"<p>[vc_row full_width=\u00a0\u00bbstretch_row_content\u00a0\u00bb][vc_column][vc_separator][vc_custom_heading text=\u00a0\u00bbVoici l&rsquo;ensemble de mes prestations.\u00a0\u00bb google_fonts=\u00a0\u00bbfont_family:Calligraffitti%3Aregular|font_style:400%20regular%3A400%3Anormal\u00a0\u00bb][vc_empty_space][vc_column_text css=\u00a0\u00bb.vc_custom_1700512410034{background-color: #55799e !important;}\u00a0\u00bb] PORTRAIT EN FAMILLE OU EN SOLO [\/vc_column_text][vc_column_text] Vous\u00a0 souhaitez immortaliser votre famille avec les enfants qui grandissent trop vite ! Vous avez envie d&rsquo;avoir des belles photos de vous m\u00eames ou de votre couple ? Contactez moi pour une s\u00e9ance en studio ou en [&hellip;]<\/p>\n","protected":false},"author":1,"featured_media":0,"parent":0,"menu_order":0,"comment_status":"closed","ping_status":"closed","template":"","meta":{"footnotes":""},"class_list":["post-660","page","type-page","status-publish","hentry"],"_links":{"self":[{"href":"https:\/\/www.jeromevericel.fr\/index.php\/wp-json\/wp\/v2\/pages\/660","targetHints":{"allow":["GET"]}}],"collection":[{"href":"https:\/\/www.jeromevericel.fr\/index.php\/wp-json\/wp\/v2\/pages"}],"about":[{"href":"https:\/\/www.jeromevericel.fr\/index.php\/wp-json\/wp\/v2\/types\/page"}],"author":[{"embeddable":true,"href":"https:\/\/www.jeromevericel.fr\/index.php\/wp-json\/wp\/v2\/users\/1"}],"replies":[{"embeddable":true,"href":"https:\/\/www.jeromevericel.fr\/index.php\/wp-json\/wp\/v2\/comments?post=660"}],"version-history":[{"count":81,"href":"https:\/\/www.jeromevericel.fr\/index.php\/wp-json\/wp\/v2\/pages\/660\/revisions"}],"predecessor-version":[{"id":5885,"href":"https:\/\/www.jeromevericel.fr\/index.php\/wp-json\/wp\/v2\/pages\/660\/revisions\/5885"}],"wp:attachment":[{"href":"https:\/\/www.jeromevericel.fr\/index.php\/wp-json\/wp\/v2\/media?parent=660"}],"curies":[{"name":"wp","href":"https:\/\/api.w.org\/{rel}","templated":true}]}}