{"id":960,"date":"2016-10-31T12:22:12","date_gmt":"2016-10-31T10:22:12","guid":{"rendered":"https:\/\/w7.foxdsgn.com\/napoli\/?page_id=960"},"modified":"2025-09-29T15:15:35","modified_gmt":"2025-09-29T13:15:35","slug":"mariage-marine-et-cyril","status":"publish","type":"page","link":"https:\/\/www.jeromevericel.fr\/index.php\/mariage-marine-et-cyril\/","title":{"rendered":"GALERIE MARIAGE M&#038;C"},"content":{"rendered":"<div class=\"passster-form\" id=\"ps-190\">\n    <form class=\"password-form\" method=\"post\" autocomplete=\"off\" target=\"_top\">\n        <span class=\"ps-form-headline\">GALERIE PRIVEE<\/span>\n        <div class=\"ps-form-instructions-wrap\">Le contenu est prot\u00e9g\u00e9 par un mot de passe, veuillez le rentrer pour acc\u00e9der \u00e0 la galerie priv\u00e9e !<\/div>\n        <fieldset>\n            <span class=\"ps-loader\" style=\"display:none;\"><img decoding=\"async\" src=\"https:\/\/www.jeromevericel.fr\/wp-content\/plugins\/content-protector\/assets\/public\/ps-loader.svg\" alt=\"\" \/><\/span>\n            <label for=\"input-ps-190\" style=\"display:none;\" class=\"passster-hidden\">Enter your password<\/label>\n            <input placeholder=\"Rentrez le mot de passe...\" type=\"password\" tabindex=\"1\" name=\"passster_password\"\n                   id=\"input-ps-190\" class=\"passster-password\" autocomplete=\"off\"\n                   data-protection-type=\"password\" data-list=\"[PASSSTER_LIST]\" data-lists=\"[PASSSTER_LISTS]\" data-area=\"[PASSSTER_AREA]\"\n                   data-protection=\"full\">\n            \n            <button name=\"submit\" type=\"submit\" class=\"passster-submit\" data-psid=\"ps-190\" data-post-id=\"960\" data-term-id=\"0\" \n                    data-submit=\"...Checking Password\" data-redirect=\"\">VOIR LES PHOTOS\n            <\/button>\n            <div class=\"passster-error\"><\/div>\n        <\/fieldset>\n    <\/form>\n<\/div>\n","protected":false},"excerpt":{"rendered":"<div class=\"passster-form\" id=\"ps-190\">\n<form class=\"password-form\" method=\"post\" autocomplete=\"off\" target=\"_top\">\n        <span class=\"ps-form-headline\">GALERIE PRIVEE<\/span><\/p>\n<div class=\"ps-form-instructions-wrap\">Le contenu est prot\u00e9g\u00e9 par un mot de passe, veuillez le rentrer pour acc\u00e9der \u00e0 la galerie priv\u00e9e !<\/div>\n<fieldset>\n            <span class=\"ps-loader\" style=\"display:none;\"><img decoding=\"async\" src=\"https:\/\/www.jeromevericel.fr\/wp-content\/plugins\/content-protector\/assets\/public\/ps-loader.svg\" alt=\"\" \/><\/span><br \/>\n            <label for=\"input-ps-190\" style=\"display:none;\" class=\"passster-hidden\">Enter your password<\/label><br \/>\n            <input placeholder=\"Rentrez le mot de passe...\" type=\"password\" tabindex=\"1\" name=\"passster_password\"\n                   id=\"input-ps-190\" class=\"passster-password\" autocomplete=\"off\"\n                   data-protection-type=\"password\" data-list=\"[PASSSTER_LIST]\" data-lists=\"[PASSSTER_LISTS]\" data-area=\"[PASSSTER_AREA]\"\n                   data-protection=\"full\"><\/p>\n<p>            <button name=\"submit\" type=\"submit\" class=\"passster-submit\" data-psid=\"ps-190\" data-post-id=\"960\" data-term-id=\"0\" \n                    data-submit=\"...Checking Password\" data-redirect=\"\">VOIR LES PHOTOS<br \/>\n            <\/button><\/p>\n<div class=\"passster-error\"><\/div>\n<\/fieldset><\/form>\n<\/div>\n","protected":false},"author":1,"featured_media":0,"parent":0,"menu_order":0,"comment_status":"closed","ping_status":"closed","template":"","meta":{"footnotes":""},"class_list":["post-960","page","type-page","status-publish","hentry"],"_links":{"self":[{"href":"https:\/\/www.jeromevericel.fr\/index.php\/wp-json\/wp\/v2\/pages\/960","targetHints":{"allow":["GET"]}}],"collection":[{"href":"https:\/\/www.jeromevericel.fr\/index.php\/wp-json\/wp\/v2\/pages"}],"about":[{"href":"https:\/\/www.jeromevericel.fr\/index.php\/wp-json\/wp\/v2\/types\/page"}],"author":[{"embeddable":true,"href":"https:\/\/www.jeromevericel.fr\/index.php\/wp-json\/wp\/v2\/users\/1"}],"replies":[{"embeddable":true,"href":"https:\/\/www.jeromevericel.fr\/index.php\/wp-json\/wp\/v2\/comments?post=960"}],"version-history":[{"count":6,"href":"https:\/\/www.jeromevericel.fr\/index.php\/wp-json\/wp\/v2\/pages\/960\/revisions"}],"predecessor-version":[{"id":5835,"href":"https:\/\/www.jeromevericel.fr\/index.php\/wp-json\/wp\/v2\/pages\/960\/revisions\/5835"}],"wp:attachment":[{"href":"https:\/\/www.jeromevericel.fr\/index.php\/wp-json\/wp\/v2\/media?parent=960"}],"curies":[{"name":"wp","href":"https:\/\/api.w.org\/{rel}","templated":true}]}}